{"id":2706,"date":"2025-09-19T17:01:46","date_gmt":"2025-09-19T15:01:46","guid":{"rendered":"https:\/\/www.feminstitute.eu\/?page_id=2706"},"modified":"2026-02-07T16:20:45","modified_gmt":"2026-02-07T15:20:45","slug":"deklaracja-dostepnosci","status":"publish","type":"page","link":"http:\/\/www.feminstitute.eu\/eng\/deklaracja-dostepnosci\/","title":{"rendered":"Accessibility statement"},"content":{"rendered":"<div class=\"bt_rc_container\"><section id=\"bt_section69e4567b854ac\"  class=\"boldSection topExtraSpaced bottomSpaced gutter inherit\" ><div class=\"port\"><div class=\"boldCell\"><div class=\"boldCellInner\"><div class=\"boldRow\" ><div class=\"boldRowInner\"><div class=\"rowItem col-md-12 col-ms-12  btTextLeft inherit\"  data-width=\"12\"><div class=\"rowItemContent\" ><div class=\"btText\" ><header class=\"mainHeader btClear gutter\">\n<div class=\"port\">\n<div class=\"btLogoArea menuHolder btClear\">\n<div class=\"menuPort\">\n<div class=\"topBarInMenu\">\n<div class=\"topBarInMenuCell\"><\/div>\n<\/div>\n<\/div>\n<\/div>\n<\/div>\n<\/header>\n<div class=\"btContentWrap btClear\">\n<div class=\"btContentHolder\">\n<div class=\"btContent\">\n<div class=\"bt_rc_container\">\n<p><b>European Fem Institute<\/b>\u00a0zobowi\u0105zuje si\u0119 zapewni\u0107 dost\u0119pno\u015b\u0107 swojej strony internetowej\u00a0<b>feminstitute.eu<\/b>\u00a0zgodnie z\u00a0ustaw\u0105 z\u00a0dnia 4 kwietnia 2019\u00a0r. o\u00a0dost\u0119pno\u015bci cyfrowej stron internetowych i\u00a0aplikacji mobilnych podmiot\u00f3w publicznych.<\/p>\n<h3><b>Compliance status<\/b><\/h3>\n<p class=\" translation-block\">The website is <b>partially compliant<\/b> with the Digital Accessibility Act due to the non-compliance and exclusions listed below.<\/p>\n<h3><b>Content not available<\/b><\/h3>\n<ul>\n<li class=\" translation-block\"><b>No or insufficient alternative text<\/b> for some graphics, making them difficult to understand for people using screen readers.<\/li>\n<li class=\" translation-block\"><b>The video materials do not have audio description<\/b>, which limits access to the content for persons with visual impairments.<\/li>\n<li>Wyst\u0119puj\u0105\u00a0<b>b\u0142\u0119dy w\u00a0hierarchii nag\u0142\u00f3wk\u00f3w<\/b>\u00a0(np.\u00a0puste nag\u0142\u00f3wki, pomini\u0119te poziomy), co\u00a0zaburza struktur\u0119 semantyczn\u0105 strony.<\/li>\n<li class=\" translation-block\">Some texts have <b>insufficient contrast<\/b> with the background, which may make them difficult to read for people with low vision.<\/li>\n<li class=\" translation-block\">Some of the links are empty or not working, making it impossible to determine their purpose.<\/li>\n<li class=\" translation-block\">The mechanism for skipping content blocks (known as a <b>\u2018skip link\u2019<\/b>) is not functioning correctly.<\/li>\n<\/ul>\n<h3><b>Additional information<\/b><\/h3>\n<ul>\n<li><b>Date of declaration:<\/b>\u00a031.03.2025<\/li>\n<li><b>Date of last review:<\/b> 06.02.2026<\/li>\n<\/ul>\n<p>The declaration was drawn up on the basis of a self-assessment carried out by the entity.<\/p>\n<h3><b>Contact and comments<\/b><\/h3>\n<p>If you encounter any issues with the accessibility of this website, please contact us.<\/p>\n<ul>\n<li><b>E-mail:<\/b>\u00a0contact@feminstitute.eu<\/li>\n<li>This method can also be used to submit requests for access to unavailable information and to lodge complaints about lack of accessibility.<\/li>\n<\/ul>\n<h3><b>Appeal procedure<\/b><\/h3>\n<p>Everyone has the right to request that a website, mobile application or any element thereof be made digitally accessible. It is also possible to request that information be made available through alternative means of access, for example by reading a document that is not digitally accessible, describing the content of a film without audio description, etc.<\/p>\n<p>The request should include the details of the person making the request, an indication of which website or mobile application is concerned, and a means of contact. If the person making the request indicates a need to receive the information through an alternative means of access, they should also specify a convenient way for them to receive this information.<\/p>\n<p class=\" translation-block\">The entity should comply with the request immediately, no later than within 7 days from the date of the request. If it is not possible to meet this deadline, the entity shall immediately inform the person making the request when the request can be fulfilled, but this deadline may not be longer than 2 months from the date of the request. If digital accessibility cannot be ensured, the entity may propose an alternative means of accessing the information.<\/p>\n<p class=\" translation-block\"><span class=\"citation-228 citation-end-228\">If an entity refuses to comply with a request to ensure accessibility or provide an alternative means of accessing information, the person making the request may lodge a complaint regarding the digital accessibility of a website, mobile application or element of a website or mobile application. Once the above procedure has been exhausted, a complaint may also be lodged with the <b>Ombudsman<\/b>.<\/p>\n<\/div>\n<\/div>\n<\/div>\n<\/div>\n<\/div><\/div><\/div><\/div><\/div><\/div><\/div><\/div><\/section><\/div>","protected":false},"excerpt":{"rendered":"","protected":false},"author":6,"featured_media":0,"parent":0,"menu_order":0,"comment_status":"closed","ping_status":"closed","template":"","meta":{"inline_featured_image":false},"featured_image_urls":{"full":"","thumbnail":"","medium":"","medium_large":"","large":"","1536x1536":"","2048x2048":"","trp-custom-language-flag":"","boldthemes_grid":"","boldthemes_grid_11":"","boldthemes_grid_22":"","boldthemes_grid_21":"","boldthemes_grid_12":"","boldthemes_latest_posts":"","boldthemes_grid_gallery":""},"post_excerpt_stackable":"<p>European Fem Institute\u00a0zobowi\u0105zuje si\u0119 zapewni\u0107 dost\u0119pno\u015b\u0107 swojej strony internetowej\u00a0feminstitute.eu\u00a0zgodnie z\u00a0ustaw\u0105 z\u00a0dnia 4 kwietnia 2019\u00a0r. o\u00a0dost\u0119pno\u015bci cyfrowej stron internetowych i\u00a0aplikacji mobilnych podmiot\u00f3w publicznych. Status zgodno\u015bci Strona internetowa jest\u00a0cz\u0119\u015bciowo zgodna\u00a0z\u00a0ustaw\u0105 o\u00a0dost\u0119pno\u015bci cyfrowej z\u00a0powodu niezgodno\u015bci i\u00a0wy\u0142\u0105cze\u0144 wymienionych poni\u017cej. Tre\u015b\u0107 niedost\u0119pna Brak lub niewystarczaj\u0105cy tekst alternatywny\u00a0dla cz\u0119\u015bci grafik, co\u00a0utrudnia ich zrozumienie osobom korzystaj\u0105cym z\u00a0czytnik\u00f3w ekranu. Materia\u0142y wideo nie\u00a0posiadaj\u0105 audiodeskrypcji, co\u00a0ogranicza dost\u0119p do\u00a0tre\u015bci dla os\u00f3b z\u00a0niepe\u0142nosprawno\u015bci\u0105 wzroku. Wyst\u0119puj\u0105\u00a0b\u0142\u0119dy w\u00a0hierarchii nag\u0142\u00f3wk\u00f3w\u00a0(np.\u00a0puste nag\u0142\u00f3wki, pomini\u0119te poziomy), co\u00a0zaburza struktur\u0119 semantyczn\u0105 strony. Niekt\u00f3re teksty maj\u0105\u00a0niewystarczaj\u0105cy kontrast\u00a0wzgl\u0119dem t\u0142a, co\u00a0mo\u017ce utrudnia\u0107 czytanie osobom s\u0142abowidz\u0105cym. Cz\u0119\u015b\u0107 link\u00f3w jest\u00a0pusta lub niedzia\u0142aj\u0105ca, przez\u00a0co\u00a0ich cel jest niemo\u017cliwy do\u00a0okre\u015blenia. Mechanizm do\u00a0pomijania blok\u00f3w tre\u015bci (tzw.\u00a0\u201eskip link\u201d) nie\u00a0dzia\u0142a prawid\u0142owo.&hellip;<\/p>\n","category_list":"","author_info":{"name":"morgan@greenrev.org","url":"http:\/\/www.feminstitute.eu\/eng\/author\/morgangreenrev-org\/"},"comments_num":"0 comments","_links":{"self":[{"href":"http:\/\/www.feminstitute.eu\/eng\/wp-json\/wp\/v2\/pages\/2706"}],"collection":[{"href":"http:\/\/www.feminstitute.eu\/eng\/wp-json\/wp\/v2\/pages"}],"about":[{"href":"http:\/\/www.feminstitute.eu\/eng\/wp-json\/wp\/v2\/types\/page"}],"author":[{"embeddable":true,"href":"http:\/\/www.feminstitute.eu\/eng\/wp-json\/wp\/v2\/users\/6"}],"replies":[{"embeddable":true,"href":"http:\/\/www.feminstitute.eu\/eng\/wp-json\/wp\/v2\/comments?post=2706"}],"version-history":[{"count":5,"href":"http:\/\/www.feminstitute.eu\/eng\/wp-json\/wp\/v2\/pages\/2706\/revisions"}],"predecessor-version":[{"id":2712,"href":"http:\/\/www.feminstitute.eu\/eng\/wp-json\/wp\/v2\/pages\/2706\/revisions\/2712"}],"wp:attachment":[{"href":"http:\/\/www.feminstitute.eu\/eng\/wp-json\/wp\/v2\/media?parent=2706"}],"curies":[{"name":"wp","href":"https:\/\/api.w.org\/{rel}","templated":true}]}}